{"id":53,"date":"2026-01-22T12:08:37","date_gmt":"2026-01-22T12:08:37","guid":{"rendered":"https:\/\/fincacaboquitos.com\/?page_id=53"},"modified":"2026-03-15T10:33:33","modified_gmt":"2026-03-15T10:33:33","slug":"unterkuenfte","status":"publish","type":"page","link":"https:\/\/fincacaboquitos.com\/es\/unterkuenfte\/","title":{"rendered":"Alojamientos"},"content":{"rendered":"<div class=\"et_pb_section_0 et_pb_section et_section_regular et_block_section preset--group--divi-section--divi-box-shadow--default preset--module--divi-section--default\">\n<div class=\"et_pb_row_0 et_pb_row et_block_row preset--group--divi-row--divi-box-shadow--default preset--module--divi-row--default\">\n<div class=\"et_pb_column_0 et_pb_column et_pb_column_4_4 et-last-child et_block_column et_pb_css_mix_blend_mode_passthrough preset--group--divi-column--divi-box-shadow--default preset--module--divi-column--default\">\n<div class=\"et_pb_text_0 et_pb_text et_pb_bg_layout_light et_pb_module et_block_module preset--group--divi-text--divi-box-shadow--default preset--module--divi-text--default\"><div class=\"et_pb_text_inner\"><h1>Alojamiento<\/h1>\n<\/div><\/div>\n<\/div>\n<\/div>\n<\/div>\n\n<div class=\"et_pb_section_1 et_pb_section et_section_regular et_flex_section preset--group--divi-section--divi-box-shadow--default preset--module--divi-section--default\">\n<div class=\"et_pb_row_1 et_pb_row et_flex_row preset--group--divi-row--divi-box-shadow--default preset--module--divi-row--default\">\n<div class=\"et_pb_column_1 et_pb_column et-last-child et_flex_column et_pb_css_mix_blend_mode_passthrough et_flex_column_24_24 et_flex_column_24_24_tablet et_flex_column_24_24_phone preset--group--divi-column--divi-box-shadow--default preset--module--divi-column--default\">\n<div class=\"et_pb_text_1 et_pb_text et_pb_bg_layout_light et_pb_module et_block_module preset--group--divi-text--divi-box-shadow--default preset--module--divi-text--default\"><div class=\"et_pb_text_inner\"><h3>La yurta<\/h3>\n<\/div><\/div>\n<\/div>\n<\/div>\n\n<div class=\"et_pb_row_2 et_pb_row et_flex_row preset--group--divi-row--divi-box-shadow--default preset--module--divi-row--default\">\n<div class=\"et_pb_column_2 et_pb_column et_flex_column et_pb_css_mix_blend_mode_passthrough et_flex_column_12_24 et_flex_column_12_24_tablet et_flex_column_24_24_phone preset--group--divi-column--divi-box-shadow--default preset--module--divi-column--default\">\n<div class=\"et_pb_image_0 et_pb_image et_pb_has_overlay et_pb_module et_block_module preset--group--divi-image--divi-box-shadow--hr81m0w--default preset--module--divi-image--default\"><a href=\"https:\/\/fincacaboquitos.com\/wp-content\/uploads\/2026\/01\/1JurteStartbildt-scaled.jpg\" class=\"et_pb_lightbox_image\"><span class=\"et_pb_image_wrap\"><img decoding=\"async\" src=\"https:\/\/fincacaboquitos.com\/wp-content\/uploads\/2026\/01\/1JurteStartbildt-scaled.jpg\" title=\"inteligente\" width=\"2560\" height=\"1950\" srcset=\"https:\/\/fincacaboquitos.com\/wp-content\/uploads\/2026\/01\/1JurteStartbildt-scaled.jpg 2560w, https:\/\/fincacaboquitos.com\/wp-content\/uploads\/2026\/01\/1JurteStartbildt-1280x975.jpg 1280w, https:\/\/fincacaboquitos.com\/wp-content\/uploads\/2026\/01\/1JurteStartbildt-980x746.jpg 980w, https:\/\/fincacaboquitos.com\/wp-content\/uploads\/2026\/01\/1JurteStartbildt-480x366.jpg 480w\" sizes=\"(min-width: 0px) and (max-width: 480px) 480px, (min-width: 481px) and (max-width: 980px) 980px, (min-width: 981px) and (max-width: 1280px) 1280px, (min-width: 1281px) 2560px, 100vw\" class=\"wp-image-471\" \/><span class=\"et_overlay\"><\/span><\/span><\/a><\/div>\n<\/div>\n\n<div class=\"et_pb_column_3 et_pb_column et-last-child et_flex_column et_pb_css_mix_blend_mode_passthrough et_flex_column_12_24 et_flex_column_12_24_tablet et_flex_column_24_24_phone preset--group--divi-column--divi-box-shadow--default preset--module--divi-column--default\">\n<div class=\"et_pb_text_2 et_pb_text et_pb_bg_layout_light et_pb_module et_block_module preset--group--divi-text--divi-box-shadow--default preset--module--divi-text--default\"><div class=\"et_pb_text_inner\"><p>Yurta acogedora y decorada con buen gusto, equipada con 2 plazas para dormir, estufa de le\u00f1a, cocina americana, cuarto de ba\u00f1o independiente con ducha y indoro seco, porche y peque\u00f1a zona ajardinada.<\/p>\n<\/div><\/div>\n\n<div class=\"et_pb_module et_pb_button_module_wrapper et_pb_button_0_wrapper preset--module--divi-button--default_wrapper\"><a class=\"et_pb_button_0 et_pb_button et_pb_bg_layout_light et_pb_module et_flex_module preset--module--divi-button--default\" href=\"https:\/\/fincacaboquitos.com\/es\/die-jurte\/\">Galer\u00eda Yurta<\/a><\/div>\n\n<div class=\"et_pb_text_3 et_pb_text et_pb_bg_layout_light et_pb_module et_block_module preset--group--divi-text--divi-box-shadow--default preset--module--divi-text--default\"><div class=\"et_pb_text_inner\"><p>PRECIOS<\/p>\n<\/div><\/div>\n\n<div class=\"et_pb_text_4 et_pb_text et_pb_bg_layout_light et_pb_module et_flex_module preset--group--divi-text--divi-box-shadow--default preset--module--divi-text--default\"><div class=\"et_pb_text_inner\" data-et-mv-hidden-phone=\"true\"><table class=\"price-table\" border=\"1\" style=\"border-collapse: collapse; width: 100%;\">\n<tbody>\n<tr>\n<td style=\"text-align: center;\">Precio diario<\/td>\n<td style=\"text-align: right;\">1<\/td>\n<td style=\"text-align: left;\">Alojamiento<\/td>\n<td class=\"price\" style=\"text-align: right;\">55 \u20ac<\/td>\n<\/tr>\n<tr>\n<td style=\"text-align: center;\">Precio diario<\/td>\n<td style=\"text-align: right;\">7<\/td>\n<td style=\"text-align: right;\">Alojamiento<\/td>\n<td class=\"price\" style=\"text-align: right;\">50 \u20ac<\/td>\n<\/tr>\n<tr>\n<td style=\"text-align: center;\">Precio diario<\/td>\n<td style=\"text-align: right;\">14<\/td>\n<td style=\"text-align: right;\">Alojamiento<\/td>\n<td class=\"price\" style=\"text-align: right;\">45 \u20ac<\/td>\n<\/tr>\n<tr>\n<td style=\"text-align: center;\">Precio diario<\/td>\n<td style=\"text-align: right;\">21<\/td>\n<td style=\"text-align: right;\">Alojamiento<\/td>\n<td class=\"price\" style=\"text-align: right;\">40 \u20ac<\/td>\n<\/tr>\n<tr>\n<td colspan=\"3\" style=\"text-align: center;\">Tasa de limpieza<\/td>\n<td class=\"price\" style=\"text-align: right;\">35\u00a0\u20ac<\/td>\n<\/tr>\n<\/tbody>\n<\/table>\n<\/div><\/div>\n\n<div class=\"et_pb_text_5 et_pb_text et_pb_bg_layout_light et_pb_module et_block_module preset--group--divi-text--divi-box-shadow--default preset--module--divi-text--default\"><div class=\"et_pb_text_inner\"><p>Individuales reciben un descuento de 15 %.<\/p>\n<\/div><\/div>\n<\/div>\n<\/div>\n<\/div>\n\n<div class=\"et_pb_section_2 et_pb_section et_section_regular et_flex_section preset--group--divi-section--divi-box-shadow--default preset--module--divi-section--default\">\n<div class=\"et_pb_row_3 et_pb_row et_flex_row preset--group--divi-row--divi-box-shadow--default preset--module--divi-row--default\">\n<div class=\"et_pb_column_4 et_pb_column et-last-child et_flex_column et_pb_css_mix_blend_mode_passthrough et_flex_column_24_24 et_flex_column_24_24_tablet et_flex_column_24_24_phone preset--group--divi-column--divi-box-shadow--default preset--module--divi-column--default\">\n<div class=\"et_pb_text_6 et_pb_text et_pb_bg_layout_light et_pb_module et_block_module preset--group--divi-text--divi-box-shadow--default preset--module--divi-text--default\"><div class=\"et_pb_text_inner\"><h3>La Tiny House Caravana<\/h3>\n<\/div><\/div>\n<\/div>\n<\/div>\n\n<div class=\"et_pb_row_4 et_pb_row et_flex_row preset--group--divi-row--divi-box-shadow--default preset--module--divi-row--default\">\n<div class=\"et_pb_column_5 et_pb_column et_flex_column et_pb_css_mix_blend_mode_passthrough et_flex_column_12_24 et_flex_column_12_24_tablet et_flex_column_24_24_phone preset--group--divi-column--divi-box-shadow--default preset--module--divi-column--default\">\n<div class=\"et_pb_image_1 et_pb_image et_pb_image_sticky_phone et_pb_has_overlay et_pb_module et_block_module preset--group--divi-image--divi-box-shadow--hr81m0w--default preset--module--divi-image--default\"><a href=\"https:\/\/fincacaboquitos.com\/wp-content\/uploads\/2026\/01\/2CaravanStartbild1-scaled.jpg\" class=\"et_pb_lightbox_image\"><span class=\"et_pb_image_wrap\"><img decoding=\"async\" src=\"https:\/\/fincacaboquitos.com\/wp-content\/uploads\/2026\/01\/2CaravanStartbild1-scaled.jpg\" title=\"inteligente\" width=\"2560\" height=\"1920\" srcset=\"https:\/\/fincacaboquitos.com\/wp-content\/uploads\/2026\/01\/2CaravanStartbild1-scaled.jpg 2560w, https:\/\/fincacaboquitos.com\/wp-content\/uploads\/2026\/01\/2CaravanStartbild1-1280x960.jpg 1280w, https:\/\/fincacaboquitos.com\/wp-content\/uploads\/2026\/01\/2CaravanStartbild1-980x735.jpg 980w, https:\/\/fincacaboquitos.com\/wp-content\/uploads\/2026\/01\/2CaravanStartbild1-480x360.jpg 480w\" sizes=\"(min-width: 0px) and (max-width: 480px) 480px, (min-width: 481px) and (max-width: 980px) 980px, (min-width: 981px) and (max-width: 1280px) 1280px, (min-width: 1281px) 2560px, 100vw\" class=\"wp-image-457\" \/><span class=\"et_overlay\"><\/span><\/span><\/a><\/div>\n<\/div>\n\n<div class=\"et_pb_column_6 et_pb_column et-last-child et_flex_column et_pb_css_mix_blend_mode_passthrough et_flex_column_12_24 et_flex_column_12_24_tablet et_flex_column_24_24_phone preset--group--divi-column--divi-box-shadow--default preset--module--divi-column--default\">\n<div class=\"et_pb_text_7 et_pb_text et_pb_bg_layout_light et_pb_module et_block_module preset--group--divi-text--divi-box-shadow--default preset--module--divi-text--default\"><div class=\"et_pb_text_inner\"><p>Caravana reformada con mucho cari\u00f1o y originalidad para convertirla en una minicasa, equipada con 2 plazas para dormir, cocina interior y exterior, calefacci\u00f3n, cuarto de ba\u00f1o independiente con ducha y indoro seco, porche y zona ajardinada.<\/p>\n<\/div><\/div>\n\n<div class=\"et_pb_module et_pb_button_module_wrapper et_pb_button_1_wrapper preset--module--divi-button--default_wrapper\"><a class=\"et_pb_button_1 et_pb_button et_pb_bg_layout_light et_pb_module et_flex_module preset--module--divi-button--default\" href=\"https:\/\/fincacaboquitos.com\/es\/galerie\/\">Galer\u00eda Caravana<\/a><\/div>\n\n<div class=\"et_pb_text_8 et_pb_text et_pb_bg_layout_light et_pb_module et_block_module preset--group--divi-text--divi-box-shadow--default preset--module--divi-text--default\"><div class=\"et_pb_text_inner\"><p>PRECIOS<\/p>\n<\/div><\/div>\n\n<div class=\"et_pb_text_9 et_pb_text et_pb_bg_layout_light et_pb_module et_flex_module preset--group--divi-text--divi-box-shadow--default preset--module--divi-text--default\"><div class=\"et_pb_text_inner\" data-et-mv-hidden-phone=\"true\"><table class=\"price-table\" border=\"1\" style=\"border-collapse: collapse; width: 100%;\">\n<tbody>\n<tr>\n<td style=\"text-align: center;\">Precio diario<\/td>\n<td style=\"text-align: right;\">1<\/td>\n<td style=\"text-align: left;\">Alojamiento<\/td>\n<td class=\"price\" style=\"text-align: right;\">50 \u20ac<\/td>\n<\/tr>\n<tr>\n<td style=\"text-align: center;\">Precio diario<\/td>\n<td style=\"text-align: right;\">7<\/td>\n<td style=\"text-align: right;\">Alojamiento<\/td>\n<td class=\"price\" style=\"text-align: right;\">45 \u20ac<\/td>\n<\/tr>\n<tr>\n<td style=\"text-align: center;\">Precio diario<\/td>\n<td style=\"text-align: right;\">14<\/td>\n<td style=\"text-align: right;\">Alojamiento<\/td>\n<td class=\"price\" style=\"text-align: right;\">40 \u20ac<\/td>\n<\/tr>\n<tr>\n<td style=\"text-align: center;\">Precio diario<\/td>\n<td style=\"text-align: right;\">21<\/td>\n<td style=\"text-align: right;\">Alojamiento<\/td>\n<td class=\"price\" style=\"text-align: right;\">35 \u20ac<\/td>\n<\/tr>\n<tr>\n<td colspan=\"3\" style=\"text-align: center;\">Tasa de limpieza<\/td>\n<td class=\"price\" style=\"text-align: right;\">35\u00a0\u20ac<\/td>\n<\/tr>\n<\/tbody>\n<\/table>\n<\/div><\/div>\n\n<div class=\"et_pb_text_10 et_pb_text et_pb_bg_layout_light et_pb_module et_block_module preset--group--divi-text--divi-box-shadow--default preset--module--divi-text--default\"><div class=\"et_pb_text_inner\"><p>Individuales reciben un descuento de 15 %.<\/p>\n<\/div><\/div>\n<\/div>\n<\/div>\n\n<div class=\"et_pb_row_5 et_pb_row et_flex_row preset--group--divi-row--divi-box-shadow--default preset--module--divi-row--default\">\n<div class=\"et_pb_column_7 et_pb_column et-last-child et_flex_column et_pb_css_mix_blend_mode_passthrough et_flex_column_24_24 et_flex_column_24_24_tablet et_flex_column_24_24_phone preset--group--divi-column--divi-box-shadow--default preset--module--divi-column--default\">\n<div class=\"et_pb_divider_0 et_pb_divider et_pb_space et_pb_divider_position_center et_pb_module preset--group--divi-divider--divi-box-shadow--default preset--module--divi-divider--default\"><div class=\"et_pb_divider_internal\"><\/div><\/div>\n<\/div>\n<\/div>\n<\/div>\n\n<div class=\"et_pb_section_3 et_pb_section et_section_regular et_flex_section preset--group--divi-section--divi-box-shadow--default preset--module--divi-section--default\">\n<div class=\"et_pb_row_6 et_pb_row et_flex_row preset--group--divi-row--divi-box-shadow--default preset--module--divi-row--default\">\n<div class=\"et_pb_column_8 et_pb_column et-last-child et_flex_column et_pb_css_mix_blend_mode_passthrough et_flex_column_24_24 et_flex_column_24_24_tablet et_flex_column_24_24_phone preset--group--divi-column--divi-box-shadow--default preset--module--divi-column--default\">\n<div class=\"et_pb_text_11 et_pb_text et_pb_bg_layout_light et_pb_module et_block_module preset--group--divi-text--divi-box-shadow--default preset--module--divi-text--default\"><div class=\"et_pb_text_inner\"><h3>\u00bfQu\u00e9 es un inodoro seco?<\/h3>\n<p>En la finca utilizamos un sistema de inodoros secos con peque\u00f1os ventiladores (sin formaci\u00f3n de olores), en el que se separan los componentes l\u00edquidos y s\u00f3lidos. Los componentes l\u00edquidos se conducen junto con el resto de aguas grises a estanques de depuraci\u00f3n con plantas, mientras que los componentes s\u00f3lidos se compostan y pueden volver a incorporarse al suelo.<\/p>\n<\/div><\/div>\n\n<div class=\"et_pb_image_2 et_pb_image et_pb_has_overlay et_pb_module et_block_module preset--group--divi-image--divi-box-shadow--hr81m0w--default preset--module--divi-image--default\"><a href=\"https:\/\/fincacaboquitos.com\/wp-content\/uploads\/2026\/02\/Trockenklo.jpeg\" class=\"et_pb_lightbox_image\"><span class=\"et_pb_image_wrap\"><img decoding=\"async\" src=\"https:\/\/fincacaboquitos.com\/wp-content\/uploads\/2026\/02\/Trockenklo.jpeg\" title=\"Trockenklo\" width=\"1410\" height=\"1546\" srcset=\"https:\/\/fincacaboquitos.com\/wp-content\/uploads\/2026\/02\/Trockenklo.jpeg 1410w, https:\/\/fincacaboquitos.com\/wp-content\/uploads\/2026\/02\/Trockenklo-1280x1403.jpeg 1280w, https:\/\/fincacaboquitos.com\/wp-content\/uploads\/2026\/02\/Trockenklo-980x1075.jpeg 980w, https:\/\/fincacaboquitos.com\/wp-content\/uploads\/2026\/02\/Trockenklo-480x526.jpeg 480w\" sizes=\"(min-width: 0px) and (max-width: 480px) 480px, (min-width: 481px) and (max-width: 980px) 980px, (min-width: 981px) and (max-width: 1280px) 1280px, (min-width: 1281px) 1410px, 100vw\" class=\"wp-image-561\" \/><span class=\"et_overlay\"><\/span><\/span><\/a><\/div>\n<\/div>\n<\/div>\n<\/div>","protected":false},"excerpt":{"rendered":"","protected":false},"author":1,"featured_media":0,"parent":0,"menu_order":0,"comment_status":"closed","ping_status":"closed","template":"","meta":{"pgc_sgb_lightbox_settings":"","footnotes":""},"class_list":["post-53","page","type-page","status-publish","hentry"],"yoast_head":"<!-- This site is optimized with the Yoast SEO plugin v27.5 - https:\/\/yoast.com\/product\/yoast-seo-wordpress\/ -->\n<title>Unterkunft finden: Tipps f\u00fcr die Buchung - Naturerlebniss La Palma<\/title>\n<meta name=\"description\" content=\"Finden Sie die beste Unterkunft f\u00fcr Ihren Aufenthalt. Erkunden Sie verschiedene Optionen und buchen Sie jetzt Ihre Unterkunft.\" \/>\n<meta name=\"robots\" content=\"index, follow, max-snippet:-1, max-image-preview:large, max-video-preview:-1\" \/>\n<link rel=\"canonical\" href=\"https:\/\/fincacaboquitos.com\/es\/unterkuenfte\/\" \/>\n<meta property=\"og:locale\" content=\"es_ES\" \/>\n<meta property=\"og:type\" content=\"article\" \/>\n<meta property=\"og:title\" content=\"Unterkunft finden: Tipps f\u00fcr die Buchung - Naturerlebniss La Palma\" \/>\n<meta property=\"og:description\" content=\"Finden Sie die beste Unterkunft f\u00fcr Ihren Aufenthalt. Erkunden Sie verschiedene Optionen und buchen Sie jetzt Ihre Unterkunft.\" \/>\n<meta property=\"og:url\" content=\"https:\/\/fincacaboquitos.com\/es\/unterkuenfte\/\" \/>\n<meta property=\"og:site_name\" content=\"Naturerlebniss La Palma\" \/>\n<meta property=\"article:modified_time\" content=\"2026-03-15T10:33:33+00:00\" \/>\n<meta name=\"twitter:card\" content=\"summary_large_image\" \/>\n<script type=\"application\/ld+json\" class=\"yoast-schema-graph\">{\"@context\":\"https:\\\/\\\/schema.org\",\"@graph\":[{\"@type\":\"WebPage\",\"@id\":\"https:\\\/\\\/fincacaboquitos.com\\\/unterkuenfte\\\/\",\"url\":\"https:\\\/\\\/fincacaboquitos.com\\\/unterkuenfte\\\/\",\"name\":\"Unterkunft finden: Tipps f\u00fcr die Buchung - Naturerlebniss La Palma\",\"isPartOf\":{\"@id\":\"https:\\\/\\\/fincacaboquitos.com\\\/#website\"},\"datePublished\":\"2026-01-22T12:08:37+00:00\",\"dateModified\":\"2026-03-15T10:33:33+00:00\",\"description\":\"Finden Sie die beste Unterkunft f\u00fcr Ihren Aufenthalt. Erkunden Sie verschiedene Optionen und buchen Sie jetzt Ihre Unterkunft.\",\"breadcrumb\":{\"@id\":\"https:\\\/\\\/fincacaboquitos.com\\\/unterkuenfte\\\/#breadcrumb\"},\"inLanguage\":\"es\",\"potentialAction\":[{\"@type\":\"ReadAction\",\"target\":[\"https:\\\/\\\/fincacaboquitos.com\\\/unterkuenfte\\\/\"]}]},{\"@type\":\"BreadcrumbList\",\"@id\":\"https:\\\/\\\/fincacaboquitos.com\\\/unterkuenfte\\\/#breadcrumb\",\"itemListElement\":[{\"@type\":\"ListItem\",\"position\":1,\"name\":\"Home\",\"item\":\"https:\\\/\\\/fincacaboquitos.com\\\/\"},{\"@type\":\"ListItem\",\"position\":2,\"name\":\"Unterk\u00fcnfte\"}]},{\"@type\":\"WebSite\",\"@id\":\"https:\\\/\\\/fincacaboquitos.com\\\/#website\",\"url\":\"https:\\\/\\\/fincacaboquitos.com\\\/\",\"name\":\"Naturerlebniss La Palma\",\"description\":\"Gestalte deine pers\u00f6nliche Auszeit\",\"publisher\":{\"@id\":\"https:\\\/\\\/fincacaboquitos.com\\\/#\\\/schema\\\/person\\\/1cea9da85a6de9f3e3080fafb6fd13f0\"},\"potentialAction\":[{\"@type\":\"SearchAction\",\"target\":{\"@type\":\"EntryPoint\",\"urlTemplate\":\"https:\\\/\\\/fincacaboquitos.com\\\/?s={search_term_string}\"},\"query-input\":{\"@type\":\"PropertyValueSpecification\",\"valueRequired\":true,\"valueName\":\"search_term_string\"}}],\"inLanguage\":\"es\"},{\"@type\":[\"Person\",\"Organization\"],\"@id\":\"https:\\\/\\\/fincacaboquitos.com\\\/#\\\/schema\\\/person\\\/1cea9da85a6de9f3e3080fafb6fd13f0\",\"name\":\"Gike\",\"image\":{\"@type\":\"ImageObject\",\"inLanguage\":\"es\",\"@id\":\"https:\\\/\\\/fincacaboquitos.com\\\/wp-content\\\/litespeed\\\/avatar\\\/ea391fda8487a060b8d8c17670b79773.jpg?ver=1777233273\",\"url\":\"https:\\\/\\\/fincacaboquitos.com\\\/wp-content\\\/litespeed\\\/avatar\\\/ea391fda8487a060b8d8c17670b79773.jpg?ver=1777233273\",\"contentUrl\":\"https:\\\/\\\/fincacaboquitos.com\\\/wp-content\\\/litespeed\\\/avatar\\\/ea391fda8487a060b8d8c17670b79773.jpg?ver=1777233273\",\"caption\":\"Gike\"},\"logo\":{\"@id\":\"https:\\\/\\\/fincacaboquitos.com\\\/wp-content\\\/litespeed\\\/avatar\\\/ea391fda8487a060b8d8c17670b79773.jpg?ver=1777233273\"}}]}<\/script>\n<!-- \/ Yoast SEO plugin. -->","yoast_head_json":{"title":"Unterkunft finden: Tipps f\u00fcr die Buchung - Naturerlebniss La Palma","description":"Finden Sie die beste Unterkunft f\u00fcr Ihren Aufenthalt. Erkunden Sie verschiedene Optionen und buchen Sie jetzt Ihre Unterkunft.","robots":{"index":"index","follow":"follow","max-snippet":"max-snippet:-1","max-image-preview":"max-image-preview:large","max-video-preview":"max-video-preview:-1"},"canonical":"https:\/\/fincacaboquitos.com\/es\/unterkuenfte\/","og_locale":"es_ES","og_type":"article","og_title":"Unterkunft finden: Tipps f\u00fcr die Buchung - Naturerlebniss La Palma","og_description":"Finden Sie die beste Unterkunft f\u00fcr Ihren Aufenthalt. Erkunden Sie verschiedene Optionen und buchen Sie jetzt Ihre Unterkunft.","og_url":"https:\/\/fincacaboquitos.com\/es\/unterkuenfte\/","og_site_name":"Naturerlebniss La Palma","article_modified_time":"2026-03-15T10:33:33+00:00","twitter_card":"summary_large_image","schema":{"@context":"https:\/\/schema.org","@graph":[{"@type":"WebPage","@id":"https:\/\/fincacaboquitos.com\/unterkuenfte\/","url":"https:\/\/fincacaboquitos.com\/unterkuenfte\/","name":"Unterkunft finden: Tipps f\u00fcr die Buchung - Naturerlebniss La Palma","isPartOf":{"@id":"https:\/\/fincacaboquitos.com\/#website"},"datePublished":"2026-01-22T12:08:37+00:00","dateModified":"2026-03-15T10:33:33+00:00","description":"Finden Sie die beste Unterkunft f\u00fcr Ihren Aufenthalt. Erkunden Sie verschiedene Optionen und buchen Sie jetzt Ihre Unterkunft.","breadcrumb":{"@id":"https:\/\/fincacaboquitos.com\/unterkuenfte\/#breadcrumb"},"inLanguage":"es","potentialAction":[{"@type":"ReadAction","target":["https:\/\/fincacaboquitos.com\/unterkuenfte\/"]}]},{"@type":"BreadcrumbList","@id":"https:\/\/fincacaboquitos.com\/unterkuenfte\/#breadcrumb","itemListElement":[{"@type":"ListItem","position":1,"name":"Home","item":"https:\/\/fincacaboquitos.com\/"},{"@type":"ListItem","position":2,"name":"Unterk\u00fcnfte"}]},{"@type":"WebSite","@id":"https:\/\/fincacaboquitos.com\/#website","url":"https:\/\/fincacaboquitos.com\/","name":"Naturerlebniss La Palma","description":"Gestalte deine pers\u00f6nliche Auszeit","publisher":{"@id":"https:\/\/fincacaboquitos.com\/#\/schema\/person\/1cea9da85a6de9f3e3080fafb6fd13f0"},"potentialAction":[{"@type":"SearchAction","target":{"@type":"EntryPoint","urlTemplate":"https:\/\/fincacaboquitos.com\/?s={search_term_string}"},"query-input":{"@type":"PropertyValueSpecification","valueRequired":true,"valueName":"search_term_string"}}],"inLanguage":"es"},{"@type":["Person","Organization"],"@id":"https:\/\/fincacaboquitos.com\/#\/schema\/person\/1cea9da85a6de9f3e3080fafb6fd13f0","name":"Gike","image":{"@type":"ImageObject","inLanguage":"es","@id":"https:\/\/fincacaboquitos.com\/wp-content\/litespeed\/avatar\/ea391fda8487a060b8d8c17670b79773.jpg?ver=1777233273","url":"https:\/\/fincacaboquitos.com\/wp-content\/litespeed\/avatar\/ea391fda8487a060b8d8c17670b79773.jpg?ver=1777233273","contentUrl":"https:\/\/fincacaboquitos.com\/wp-content\/litespeed\/avatar\/ea391fda8487a060b8d8c17670b79773.jpg?ver=1777233273","caption":"Gike"},"logo":{"@id":"https:\/\/fincacaboquitos.com\/wp-content\/litespeed\/avatar\/ea391fda8487a060b8d8c17670b79773.jpg?ver=1777233273"}}]}},"_links":{"self":[{"href":"https:\/\/fincacaboquitos.com\/es\/wp-json\/wp\/v2\/pages\/53","targetHints":{"allow":["GET"]}}],"collection":[{"href":"https:\/\/fincacaboquitos.com\/es\/wp-json\/wp\/v2\/pages"}],"about":[{"href":"https:\/\/fincacaboquitos.com\/es\/wp-json\/wp\/v2\/types\/page"}],"author":[{"embeddable":true,"href":"https:\/\/fincacaboquitos.com\/es\/wp-json\/wp\/v2\/users\/1"}],"replies":[{"embeddable":true,"href":"https:\/\/fincacaboquitos.com\/es\/wp-json\/wp\/v2\/comments?post=53"}],"version-history":[{"count":61,"href":"https:\/\/fincacaboquitos.com\/es\/wp-json\/wp\/v2\/pages\/53\/revisions"}],"predecessor-version":[{"id":757,"href":"https:\/\/fincacaboquitos.com\/es\/wp-json\/wp\/v2\/pages\/53\/revisions\/757"}],"wp:attachment":[{"href":"https:\/\/fincacaboquitos.com\/es\/wp-json\/wp\/v2\/media?parent=53"}],"curies":[{"name":"wp","href":"https:\/\/api.w.org\/{rel}","templated":true}]}}