{"id":482,"date":"2026-02-10T22:52:33","date_gmt":"2026-02-10T22:52:33","guid":{"rendered":"https:\/\/fincacaboquitos.com\/?page_id=482"},"modified":"2026-03-01T13:12:43","modified_gmt":"2026-03-01T13:12:43","slug":"cookie-richtlinie","status":"publish","type":"page","link":"https:\/\/fincacaboquitos.com\/es\/cookie-richtlinie\/","title":{"rendered":"Cookie-Richtlinie"},"content":{"rendered":"<div class=\"et_pb_section_0 et_pb_section et_section_regular et_flex_section preset--group--divi-section--divi-box-shadow--default preset--module--divi-section--default\">\n<div class=\"et_pb_row_0 et_pb_row et_flex_row preset--group--divi-row--divi-box-shadow--default preset--module--divi-row--default\">\n<div class=\"et_pb_column_0 et_pb_column et-last-child et_flex_column et_pb_css_mix_blend_mode_passthrough et_flex_column_24_24 et_flex_column_24_24_tablet et_flex_column_24_24_phone preset--module--divi-column--6w4zl0ice5\">\n<div class=\"et_pb_text_0 et_pb_text et_pb_bg_layout_light et_pb_module et_block_module preset--group--divi-text--divi-box-shadow--default preset--module--divi-text--default\"><div class=\"et_pb_text_inner\"><h1>Cookie-Richtlinie<\/h1>\n<p>\n  Diese Website verwendet nach aktuellem Stand keine Cookies zu Analyse- oder Marketingzwecken.<br \/>\n  Es kann jedoch sein, dass technisch notwendige Cookies eingesetzt werden, um den Betrieb und die Sicherheit der Website zu gew\u00e4hrleisten.\n<\/p>\n<h2>1. Was sind Cookies?<\/h2>\n<p>\n  Cookies sind kleine Textdateien, die auf Ihrem Endger\u00e4t gespeichert werden k\u00f6nnen. Sie dienen dazu, Websites technisch bereitzustellen,<br \/>\n  Einstellungen zu speichern oder bestimmte Funktionen zu erm\u00f6glichen.\n<\/p>\n<h2>2. Welche Cookies werden eingesetzt?<\/h2>\n<p>\n  <strong>Technisch notwendige Cookies:<\/strong><br \/>\n  Diese Cookies sind erforderlich, damit die Website zuverl\u00e4ssig funktioniert (z.&nbsp;B. Sicherheitsfunktionen, Sitzungsverwaltung, Formularfunktionen).<br \/>\n  Rechtsgrundlage ist Art. 6 Abs. 1 lit. f DSGVO (berechtigtes Interesse an einem sicheren und funktionsf\u00e4higen Webauftritt)<br \/>\n  bzw. \u2013 sofern anwendbar \u2013 die Umsetzung von (vor-)vertraglichen Ma\u00dfnahmen.\n<\/p>\n<p>\n  <strong>Derzeit keine Tracking-\/Marketing-Cookies:<\/strong><br \/>\n  Es werden nach aktuellem Stand keine Tools wie Google Analytics, Facebook Pixel o.&nbsp;\u00e4. eingesetzt.\n<\/p>\n<h2>3. Cookie-Banner \/ Einwilligung<\/h2>\n<p>\n  Da nach aktuellem Stand keine nicht notwendigen Cookies (z.&nbsp;B. Tracking\/Marketing) eingesetzt werden, ist kein Einwilligungsbanner erforderlich.<br \/>\n  Sollte zuk\u00fcnftig Tracking, eingebettete Inhalte (z.&nbsp;B. Karten\/Videos) oder weitere Dienste aktiviert werden, wird diese Cookie-Richtlinie angepasst<br \/>\n  und \u2013 sofern n\u00f6tig \u2013 ein Cookie-Banner mit Auswahlm\u00f6glichkeiten erg\u00e4nzt.\n<\/p>\n<h2>4. Cookies in Ihrem Browser l\u00f6schen\/deaktivieren<\/h2>\n<p>\n  Sie k\u00f6nnen Cookies \u00fcber die Einstellungen Ihres Browsers jederzeit l\u00f6schen oder die Speicherung einschr\u00e4nken.<br \/>\n  Bitte beachten Sie, dass einzelne Funktionen der Website dadurch eingeschr\u00e4nkt sein k\u00f6nnen.\n<\/p>\n<p><em>Stand: 10.02.2026<\/em><\/p>\n<\/div><\/div>\n<\/div>\n<\/div>\n<\/div>","protected":false},"excerpt":{"rendered":"","protected":false},"author":2,"featured_media":0,"parent":0,"menu_order":0,"comment_status":"closed","ping_status":"closed","template":"","meta":{"pgc_sgb_lightbox_settings":"","footnotes":""},"class_list":["post-482","page","type-page","status-publish","hentry"],"yoast_head":"<!-- This site is optimized with the Yoast SEO plugin v27.5 - https:\/\/yoast.com\/product\/yoast-seo-wordpress\/ -->\n<title>Cookie-Richtlinie - Naturerlebniss La Palma<\/title>\n<meta name=\"robots\" content=\"index, follow, max-snippet:-1, max-image-preview:large, max-video-preview:-1\" \/>\n<link rel=\"canonical\" href=\"https:\/\/fincacaboquitos.com\/es\/cookie-richtlinie\/\" \/>\n<meta property=\"og:locale\" content=\"es_ES\" \/>\n<meta property=\"og:type\" content=\"article\" \/>\n<meta property=\"og:title\" content=\"Cookie-Richtlinie - Naturerlebniss La Palma\" \/>\n<meta property=\"og:url\" content=\"https:\/\/fincacaboquitos.com\/es\/cookie-richtlinie\/\" \/>\n<meta property=\"og:site_name\" content=\"Naturerlebniss La Palma\" \/>\n<meta property=\"article:modified_time\" content=\"2026-03-01T13:12:43+00:00\" \/>\n<meta name=\"twitter:card\" content=\"summary_large_image\" \/>\n<script type=\"application\/ld+json\" class=\"yoast-schema-graph\">{\"@context\":\"https:\\\/\\\/schema.org\",\"@graph\":[{\"@type\":\"WebPage\",\"@id\":\"https:\\\/\\\/fincacaboquitos.com\\\/cookie-richtlinie\\\/\",\"url\":\"https:\\\/\\\/fincacaboquitos.com\\\/cookie-richtlinie\\\/\",\"name\":\"Cookie-Richtlinie - Naturerlebniss La Palma\",\"isPartOf\":{\"@id\":\"https:\\\/\\\/fincacaboquitos.com\\\/#website\"},\"datePublished\":\"2026-02-10T22:52:33+00:00\",\"dateModified\":\"2026-03-01T13:12:43+00:00\",\"breadcrumb\":{\"@id\":\"https:\\\/\\\/fincacaboquitos.com\\\/cookie-richtlinie\\\/#breadcrumb\"},\"inLanguage\":\"es\",\"potentialAction\":[{\"@type\":\"ReadAction\",\"target\":[\"https:\\\/\\\/fincacaboquitos.com\\\/cookie-richtlinie\\\/\"]}]},{\"@type\":\"BreadcrumbList\",\"@id\":\"https:\\\/\\\/fincacaboquitos.com\\\/cookie-richtlinie\\\/#breadcrumb\",\"itemListElement\":[{\"@type\":\"ListItem\",\"position\":1,\"name\":\"Home\",\"item\":\"https:\\\/\\\/fincacaboquitos.com\\\/\"},{\"@type\":\"ListItem\",\"position\":2,\"name\":\"Cookie-Richtlinie\"}]},{\"@type\":\"WebSite\",\"@id\":\"https:\\\/\\\/fincacaboquitos.com\\\/#website\",\"url\":\"https:\\\/\\\/fincacaboquitos.com\\\/\",\"name\":\"Naturerlebniss La Palma\",\"description\":\"Gestalte deine pers\u00f6nliche Auszeit\",\"publisher\":{\"@id\":\"https:\\\/\\\/fincacaboquitos.com\\\/#\\\/schema\\\/person\\\/1cea9da85a6de9f3e3080fafb6fd13f0\"},\"potentialAction\":[{\"@type\":\"SearchAction\",\"target\":{\"@type\":\"EntryPoint\",\"urlTemplate\":\"https:\\\/\\\/fincacaboquitos.com\\\/?s={search_term_string}\"},\"query-input\":{\"@type\":\"PropertyValueSpecification\",\"valueRequired\":true,\"valueName\":\"search_term_string\"}}],\"inLanguage\":\"es\"},{\"@type\":[\"Person\",\"Organization\"],\"@id\":\"https:\\\/\\\/fincacaboquitos.com\\\/#\\\/schema\\\/person\\\/1cea9da85a6de9f3e3080fafb6fd13f0\",\"name\":\"Gike\",\"image\":{\"@type\":\"ImageObject\",\"inLanguage\":\"es\",\"@id\":\"https:\\\/\\\/fincacaboquitos.com\\\/wp-content\\\/litespeed\\\/avatar\\\/ea391fda8487a060b8d8c17670b79773.jpg?ver=1777233273\",\"url\":\"https:\\\/\\\/fincacaboquitos.com\\\/wp-content\\\/litespeed\\\/avatar\\\/ea391fda8487a060b8d8c17670b79773.jpg?ver=1777233273\",\"contentUrl\":\"https:\\\/\\\/fincacaboquitos.com\\\/wp-content\\\/litespeed\\\/avatar\\\/ea391fda8487a060b8d8c17670b79773.jpg?ver=1777233273\",\"caption\":\"Gike\"},\"logo\":{\"@id\":\"https:\\\/\\\/fincacaboquitos.com\\\/wp-content\\\/litespeed\\\/avatar\\\/ea391fda8487a060b8d8c17670b79773.jpg?ver=1777233273\"}}]}<\/script>\n<!-- \/ Yoast SEO plugin. -->","yoast_head_json":{"title":"Cookie-Richtlinie - Naturerlebniss La Palma","robots":{"index":"index","follow":"follow","max-snippet":"max-snippet:-1","max-image-preview":"max-image-preview:large","max-video-preview":"max-video-preview:-1"},"canonical":"https:\/\/fincacaboquitos.com\/es\/cookie-richtlinie\/","og_locale":"es_ES","og_type":"article","og_title":"Cookie-Richtlinie - Naturerlebniss La Palma","og_url":"https:\/\/fincacaboquitos.com\/es\/cookie-richtlinie\/","og_site_name":"Naturerlebniss La Palma","article_modified_time":"2026-03-01T13:12:43+00:00","twitter_card":"summary_large_image","schema":{"@context":"https:\/\/schema.org","@graph":[{"@type":"WebPage","@id":"https:\/\/fincacaboquitos.com\/cookie-richtlinie\/","url":"https:\/\/fincacaboquitos.com\/cookie-richtlinie\/","name":"Cookie-Richtlinie - Naturerlebniss La Palma","isPartOf":{"@id":"https:\/\/fincacaboquitos.com\/#website"},"datePublished":"2026-02-10T22:52:33+00:00","dateModified":"2026-03-01T13:12:43+00:00","breadcrumb":{"@id":"https:\/\/fincacaboquitos.com\/cookie-richtlinie\/#breadcrumb"},"inLanguage":"es","potentialAction":[{"@type":"ReadAction","target":["https:\/\/fincacaboquitos.com\/cookie-richtlinie\/"]}]},{"@type":"BreadcrumbList","@id":"https:\/\/fincacaboquitos.com\/cookie-richtlinie\/#breadcrumb","itemListElement":[{"@type":"ListItem","position":1,"name":"Home","item":"https:\/\/fincacaboquitos.com\/"},{"@type":"ListItem","position":2,"name":"Cookie-Richtlinie"}]},{"@type":"WebSite","@id":"https:\/\/fincacaboquitos.com\/#website","url":"https:\/\/fincacaboquitos.com\/","name":"Naturerlebniss La Palma","description":"Gestalte deine pers\u00f6nliche Auszeit","publisher":{"@id":"https:\/\/fincacaboquitos.com\/#\/schema\/person\/1cea9da85a6de9f3e3080fafb6fd13f0"},"potentialAction":[{"@type":"SearchAction","target":{"@type":"EntryPoint","urlTemplate":"https:\/\/fincacaboquitos.com\/?s={search_term_string}"},"query-input":{"@type":"PropertyValueSpecification","valueRequired":true,"valueName":"search_term_string"}}],"inLanguage":"es"},{"@type":["Person","Organization"],"@id":"https:\/\/fincacaboquitos.com\/#\/schema\/person\/1cea9da85a6de9f3e3080fafb6fd13f0","name":"Gike","image":{"@type":"ImageObject","inLanguage":"es","@id":"https:\/\/fincacaboquitos.com\/wp-content\/litespeed\/avatar\/ea391fda8487a060b8d8c17670b79773.jpg?ver=1777233273","url":"https:\/\/fincacaboquitos.com\/wp-content\/litespeed\/avatar\/ea391fda8487a060b8d8c17670b79773.jpg?ver=1777233273","contentUrl":"https:\/\/fincacaboquitos.com\/wp-content\/litespeed\/avatar\/ea391fda8487a060b8d8c17670b79773.jpg?ver=1777233273","caption":"Gike"},"logo":{"@id":"https:\/\/fincacaboquitos.com\/wp-content\/litespeed\/avatar\/ea391fda8487a060b8d8c17670b79773.jpg?ver=1777233273"}}]}},"_links":{"self":[{"href":"https:\/\/fincacaboquitos.com\/es\/wp-json\/wp\/v2\/pages\/482","targetHints":{"allow":["GET"]}}],"collection":[{"href":"https:\/\/fincacaboquitos.com\/es\/wp-json\/wp\/v2\/pages"}],"about":[{"href":"https:\/\/fincacaboquitos.com\/es\/wp-json\/wp\/v2\/types\/page"}],"author":[{"embeddable":true,"href":"https:\/\/fincacaboquitos.com\/es\/wp-json\/wp\/v2\/users\/2"}],"replies":[{"embeddable":true,"href":"https:\/\/fincacaboquitos.com\/es\/wp-json\/wp\/v2\/comments?post=482"}],"version-history":[{"count":3,"href":"https:\/\/fincacaboquitos.com\/es\/wp-json\/wp\/v2\/pages\/482\/revisions"}],"predecessor-version":[{"id":649,"href":"https:\/\/fincacaboquitos.com\/es\/wp-json\/wp\/v2\/pages\/482\/revisions\/649"}],"wp:attachment":[{"href":"https:\/\/fincacaboquitos.com\/es\/wp-json\/wp\/v2\/media?parent=482"}],"curies":[{"name":"wp","href":"https:\/\/api.w.org\/{rel}","templated":true}]}}