{"id":424,"date":"2026-02-10T20:43:25","date_gmt":"2026-02-10T20:43:25","guid":{"rendered":"https:\/\/fincacaboquitos.com\/?page_id=424"},"modified":"2026-02-10T22:49:46","modified_gmt":"2026-02-10T22:49:46","slug":"impressum","status":"publish","type":"page","link":"https:\/\/fincacaboquitos.com\/es\/impressum\/","title":{"rendered":"Impressum"},"content":{"rendered":"<div class=\"et_pb_section_0 et_pb_section et_section_regular et_flex_section preset--group--divi-section--divi-box-shadow--default preset--module--divi-section--default\">\n<div class=\"et_pb_row_0 et_pb_row et_flex_row preset--group--divi-row--divi-box-shadow--default preset--module--divi-row--default\">\n<div class=\"et_pb_column_0 et_pb_column et-last-child et_flex_column et_pb_css_mix_blend_mode_passthrough et_flex_column_24_24 et_flex_column_24_24_tablet et_flex_column_24_24_phone preset--group--divi-column--divi-box-shadow--default preset--module--divi-column--default\">\n<div class=\"et_pb_text_0 et_pb_text et_pb_bg_layout_light et_pb_module et_block_module preset--group--divi-text--divi-box-shadow--default preset--module--divi-text--default\"><div class=\"et_pb_text_inner\"><h1>Impressum<\/h1>\n<p><strong>Angaben gem\u00e4\u00df Art. 10 LSSI-CE (Spanien)<\/strong><\/p>\n<h2>Diensteanbieter \/ Verantwortliche<\/h2>\n<p>\n  <strong>Brigitte Maria Schmickler<\/strong><br \/>\n  Aut\u00f3noma<br \/>\n  NIE: <strong>Y5593443H<\/strong><br \/>\n  Calle Caboquitos 4<br \/>\n  38787 Garaf\u00eda<br \/>\n  Santa Cruz de Tenerife<br \/>\n  Spanien\n<\/p>\n<h2>Contacto<\/h2>\n<p>\n  Telefon: <a href=\"tel:+34602411608\">+34 602 41 16 08<\/a><br \/>\n  E-Mail: <a href=\"mailto:info@fincacaboquitos.com\">info@fincacaboquitos.com<\/a>\n<\/p>\n<h2>Haftung f\u00fcr Inhalte<\/h2>\n<p>\n  Als Diensteanbieterin bin ich gem\u00e4\u00df den allgemeinen Gesetzen f\u00fcr eigene Inhalte auf diesen Seiten verantwortlich.<br \/>\n  Ich \u00fcbernehme jedoch keine Gew\u00e4hr f\u00fcr die Richtigkeit, Vollst\u00e4ndigkeit und Aktualit\u00e4t der bereitgestellten Inhalte.\n<\/p>\n<h2>Haftung f\u00fcr Links<\/h2>\n<p>\n  Diese Website kann Links zu externen Websites Dritter enthalten, auf deren Inhalte ich keinen Einfluss habe.<br \/>\n  Deshalb kann ich f\u00fcr diese fremden Inhalte auch keine Gew\u00e4hr \u00fcbernehmen. F\u00fcr die Inhalte der verlinkten Seiten<br \/>\n  ist stets der jeweilige Anbieter oder Betreiber der Seiten verantwortlich.\n<\/p>\n<h2>Urheberrecht<\/h2>\n<p>\n  Die durch die Seitenbetreiberin erstellten Inhalte und Werke auf dieser Website unterliegen dem Urheberrecht.<br \/>\n  Vervielf\u00e4ltigung, Bearbeitung, Verbreitung und jede Art der Verwertung au\u00dferhalb der Grenzen des Urheberrechts<br \/>\n  bed\u00fcrfen der schriftlichen Zustimmung der jeweiligen Urheberin bzw. des jeweiligen Urhebers.\n<\/p>\n<h2>Hinweis zu unverlangter Werbung<\/h2>\n<p>\n  Der Nutzung der im Rahmen der Impressumspflicht ver\u00f6ffentlichten Kontaktdaten zur \u00dcbersendung von nicht ausdr\u00fccklich<br \/>\n  angeforderter Werbung und Informationsmaterialien wird hiermit widersprochen.\n<\/p>\n<h2>Online-Streitbeilegung (EU)<\/h2>\n<p>\n  Die Europ\u00e4ische Kommission stellt eine Plattform zur Online-Streitbeilegung (OS) bereit.<br \/>\n  Diese finden Sie unter: <a href=\"https:\/\/ec.europa.eu\/consumers\/odr\" target=\"_blank\" rel=\"noopener noreferrer\">https:\/\/ec.europa.eu\/consumers\/odr<\/a>\n<\/p>\n<p>\n  Ich bin nicht verpflichtet und nicht bereit, an einem Streitbeilegungsverfahren vor einer Verbraucherschlichtungsstelle teilzunehmen.\n<\/p>\n<p><em>Stand: 10.02.2026<\/em><\/p>\n<\/div><\/div>\n<\/div>\n<\/div>\n<\/div>","protected":false},"excerpt":{"rendered":"","protected":false},"author":2,"featured_media":0,"parent":0,"menu_order":0,"comment_status":"closed","ping_status":"closed","template":"","meta":{"pgc_sgb_lightbox_settings":"","footnotes":""},"class_list":["post-424","page","type-page","status-publish","hentry"],"yoast_head":"<!-- This site is optimized with the Yoast SEO plugin v27.5 - https:\/\/yoast.com\/product\/yoast-seo-wordpress\/ -->\n<title>Impressum - Naturerlebniss La Palma<\/title>\n<meta name=\"robots\" content=\"index, follow, max-snippet:-1, max-image-preview:large, max-video-preview:-1\" \/>\n<link rel=\"canonical\" href=\"https:\/\/fincacaboquitos.com\/es\/impressum\/\" \/>\n<meta property=\"og:locale\" content=\"es_ES\" \/>\n<meta property=\"og:type\" content=\"article\" \/>\n<meta property=\"og:title\" content=\"Impressum - Naturerlebniss La Palma\" \/>\n<meta property=\"og:url\" content=\"https:\/\/fincacaboquitos.com\/es\/impressum\/\" \/>\n<meta property=\"og:site_name\" content=\"Naturerlebniss La Palma\" \/>\n<meta property=\"article:modified_time\" content=\"2026-02-10T22:49:46+00:00\" \/>\n<meta name=\"twitter:card\" content=\"summary_large_image\" \/>\n<script type=\"application\/ld+json\" class=\"yoast-schema-graph\">{\"@context\":\"https:\\\/\\\/schema.org\",\"@graph\":[{\"@type\":\"WebPage\",\"@id\":\"https:\\\/\\\/fincacaboquitos.com\\\/impressum\\\/\",\"url\":\"https:\\\/\\\/fincacaboquitos.com\\\/impressum\\\/\",\"name\":\"Impressum - Naturerlebniss La Palma\",\"isPartOf\":{\"@id\":\"https:\\\/\\\/fincacaboquitos.com\\\/#website\"},\"datePublished\":\"2026-02-10T20:43:25+00:00\",\"dateModified\":\"2026-02-10T22:49:46+00:00\",\"breadcrumb\":{\"@id\":\"https:\\\/\\\/fincacaboquitos.com\\\/impressum\\\/#breadcrumb\"},\"inLanguage\":\"es\",\"potentialAction\":[{\"@type\":\"ReadAction\",\"target\":[\"https:\\\/\\\/fincacaboquitos.com\\\/impressum\\\/\"]}]},{\"@type\":\"BreadcrumbList\",\"@id\":\"https:\\\/\\\/fincacaboquitos.com\\\/impressum\\\/#breadcrumb\",\"itemListElement\":[{\"@type\":\"ListItem\",\"position\":1,\"name\":\"Home\",\"item\":\"https:\\\/\\\/fincacaboquitos.com\\\/\"},{\"@type\":\"ListItem\",\"position\":2,\"name\":\"Impressum\"}]},{\"@type\":\"WebSite\",\"@id\":\"https:\\\/\\\/fincacaboquitos.com\\\/#website\",\"url\":\"https:\\\/\\\/fincacaboquitos.com\\\/\",\"name\":\"Naturerlebniss La Palma\",\"description\":\"Gestalte deine pers\u00f6nliche Auszeit\",\"publisher\":{\"@id\":\"https:\\\/\\\/fincacaboquitos.com\\\/#\\\/schema\\\/person\\\/1cea9da85a6de9f3e3080fafb6fd13f0\"},\"potentialAction\":[{\"@type\":\"SearchAction\",\"target\":{\"@type\":\"EntryPoint\",\"urlTemplate\":\"https:\\\/\\\/fincacaboquitos.com\\\/?s={search_term_string}\"},\"query-input\":{\"@type\":\"PropertyValueSpecification\",\"valueRequired\":true,\"valueName\":\"search_term_string\"}}],\"inLanguage\":\"es\"},{\"@type\":[\"Person\",\"Organization\"],\"@id\":\"https:\\\/\\\/fincacaboquitos.com\\\/#\\\/schema\\\/person\\\/1cea9da85a6de9f3e3080fafb6fd13f0\",\"name\":\"Gike\",\"image\":{\"@type\":\"ImageObject\",\"inLanguage\":\"es\",\"@id\":\"https:\\\/\\\/fincacaboquitos.com\\\/wp-content\\\/litespeed\\\/avatar\\\/ea391fda8487a060b8d8c17670b79773.jpg?ver=1777233273\",\"url\":\"https:\\\/\\\/fincacaboquitos.com\\\/wp-content\\\/litespeed\\\/avatar\\\/ea391fda8487a060b8d8c17670b79773.jpg?ver=1777233273\",\"contentUrl\":\"https:\\\/\\\/fincacaboquitos.com\\\/wp-content\\\/litespeed\\\/avatar\\\/ea391fda8487a060b8d8c17670b79773.jpg?ver=1777233273\",\"caption\":\"Gike\"},\"logo\":{\"@id\":\"https:\\\/\\\/fincacaboquitos.com\\\/wp-content\\\/litespeed\\\/avatar\\\/ea391fda8487a060b8d8c17670b79773.jpg?ver=1777233273\"}}]}<\/script>\n<!-- \/ Yoast SEO plugin. -->","yoast_head_json":{"title":"Impressum - Naturerlebniss La Palma","robots":{"index":"index","follow":"follow","max-snippet":"max-snippet:-1","max-image-preview":"max-image-preview:large","max-video-preview":"max-video-preview:-1"},"canonical":"https:\/\/fincacaboquitos.com\/es\/impressum\/","og_locale":"es_ES","og_type":"article","og_title":"Impressum - Naturerlebniss La Palma","og_url":"https:\/\/fincacaboquitos.com\/es\/impressum\/","og_site_name":"Naturerlebniss La Palma","article_modified_time":"2026-02-10T22:49:46+00:00","twitter_card":"summary_large_image","schema":{"@context":"https:\/\/schema.org","@graph":[{"@type":"WebPage","@id":"https:\/\/fincacaboquitos.com\/impressum\/","url":"https:\/\/fincacaboquitos.com\/impressum\/","name":"Impressum - Naturerlebniss La Palma","isPartOf":{"@id":"https:\/\/fincacaboquitos.com\/#website"},"datePublished":"2026-02-10T20:43:25+00:00","dateModified":"2026-02-10T22:49:46+00:00","breadcrumb":{"@id":"https:\/\/fincacaboquitos.com\/impressum\/#breadcrumb"},"inLanguage":"es","potentialAction":[{"@type":"ReadAction","target":["https:\/\/fincacaboquitos.com\/impressum\/"]}]},{"@type":"BreadcrumbList","@id":"https:\/\/fincacaboquitos.com\/impressum\/#breadcrumb","itemListElement":[{"@type":"ListItem","position":1,"name":"Home","item":"https:\/\/fincacaboquitos.com\/"},{"@type":"ListItem","position":2,"name":"Impressum"}]},{"@type":"WebSite","@id":"https:\/\/fincacaboquitos.com\/#website","url":"https:\/\/fincacaboquitos.com\/","name":"Naturerlebniss La Palma","description":"Gestalte deine pers\u00f6nliche Auszeit","publisher":{"@id":"https:\/\/fincacaboquitos.com\/#\/schema\/person\/1cea9da85a6de9f3e3080fafb6fd13f0"},"potentialAction":[{"@type":"SearchAction","target":{"@type":"EntryPoint","urlTemplate":"https:\/\/fincacaboquitos.com\/?s={search_term_string}"},"query-input":{"@type":"PropertyValueSpecification","valueRequired":true,"valueName":"search_term_string"}}],"inLanguage":"es"},{"@type":["Person","Organization"],"@id":"https:\/\/fincacaboquitos.com\/#\/schema\/person\/1cea9da85a6de9f3e3080fafb6fd13f0","name":"Gike","image":{"@type":"ImageObject","inLanguage":"es","@id":"https:\/\/fincacaboquitos.com\/wp-content\/litespeed\/avatar\/ea391fda8487a060b8d8c17670b79773.jpg?ver=1777233273","url":"https:\/\/fincacaboquitos.com\/wp-content\/litespeed\/avatar\/ea391fda8487a060b8d8c17670b79773.jpg?ver=1777233273","contentUrl":"https:\/\/fincacaboquitos.com\/wp-content\/litespeed\/avatar\/ea391fda8487a060b8d8c17670b79773.jpg?ver=1777233273","caption":"Gike"},"logo":{"@id":"https:\/\/fincacaboquitos.com\/wp-content\/litespeed\/avatar\/ea391fda8487a060b8d8c17670b79773.jpg?ver=1777233273"}}]}},"_links":{"self":[{"href":"https:\/\/fincacaboquitos.com\/es\/wp-json\/wp\/v2\/pages\/424","targetHints":{"allow":["GET"]}}],"collection":[{"href":"https:\/\/fincacaboquitos.com\/es\/wp-json\/wp\/v2\/pages"}],"about":[{"href":"https:\/\/fincacaboquitos.com\/es\/wp-json\/wp\/v2\/types\/page"}],"author":[{"embeddable":true,"href":"https:\/\/fincacaboquitos.com\/es\/wp-json\/wp\/v2\/users\/2"}],"replies":[{"embeddable":true,"href":"https:\/\/fincacaboquitos.com\/es\/wp-json\/wp\/v2\/comments?post=424"}],"version-history":[{"count":3,"href":"https:\/\/fincacaboquitos.com\/es\/wp-json\/wp\/v2\/pages\/424\/revisions"}],"predecessor-version":[{"id":480,"href":"https:\/\/fincacaboquitos.com\/es\/wp-json\/wp\/v2\/pages\/424\/revisions\/480"}],"wp:attachment":[{"href":"https:\/\/fincacaboquitos.com\/es\/wp-json\/wp\/v2\/media?parent=424"}],"curies":[{"name":"wp","href":"https:\/\/api.w.org\/{rel}","templated":true}]}}