{"id":294,"date":"2026-01-29T21:56:43","date_gmt":"2026-01-29T21:56:43","guid":{"rendered":"https:\/\/fincacaboquitos.com\/?page_id=294"},"modified":"2026-03-09T21:22:59","modified_gmt":"2026-03-09T21:22:59","slug":"kreativitaet","status":"publish","type":"page","link":"https:\/\/fincacaboquitos.com\/es\/kreativitaet\/","title":{"rendered":"Creatividad"},"content":{"rendered":"<div class=\"et_pb_section_0 et_pb_section et_section_regular et_flex_section preset--group--divi-section--divi-box-shadow--default preset--module--divi-section--default\">\n<div class=\"et_pb_row_0 et_pb_row et_flex_row preset--group--divi-row--divi-box-shadow--default preset--module--divi-row--default\">\n<div class=\"et_pb_column_0 et_pb_column et-last-child et_flex_column et_pb_css_mix_blend_mode_passthrough et_flex_column_24_24 et_flex_column_24_24_tablet et_flex_column_24_24_phone preset--group--divi-column--divi-box-shadow--default preset--module--divi-column--default\">\n<div class=\"et_pb_text_0 et_pb_text et_pb_bg_layout_light et_pb_module et_block_module preset--group--divi-text--divi-box-shadow--default preset--module--divi-text--default\"><div class=\"et_pb_text_inner\"><h1>Creatividad<\/h1>\n<p>Crear con tus propias manos, ya sea mediante la artesan\u00eda, las manualidades, la jardiner\u00eda o el arte, puede ser profundamente satisfactorio y calmar la mente. Si lo solicitas, encontrar\u00e1s peque\u00f1as ofertas de cursos de costura, proyectos art\u00edsticos e instrucciones para trabajar la madera. El producto que hayas creado t\u00fa mismo ser\u00e1 un bonito recuerdo de tu estancia en la isla.<\/p>\n<\/div><\/div>\n<\/div>\n<\/div>\n\n<div class=\"et_pb_row_1 et_pb_row et_flex_row preset--group--divi-row--divi-box-shadow--default preset--module--divi-row--default\">\n<div class=\"et_pb_column_1 et_pb_column et_flex_column et_pb_css_mix_blend_mode_passthrough et_flex_column_12_24 et_flex_column_12_24_tablet et_flex_column_24_24_phone preset--group--divi-column--divi-box-shadow--default preset--module--divi-column--default\">\n<div class=\"et_pb_image_0 et_pb_image et_pb_has_overlay et_pb_module et_block_module preset--group--divi-image--divi-box-shadow--hr81m0w--default preset--module--divi-image--default\"><a href=\"https:\/\/fincacaboquitos.com\/wp-content\/uploads\/2026\/02\/1StartbildMosaikVogel.jpg\" class=\"et_pb_lightbox_image\"><span class=\"et_pb_image_wrap\"><img decoding=\"async\" src=\"https:\/\/fincacaboquitos.com\/wp-content\/uploads\/2026\/02\/1StartbildMosaikVogel.jpg\" title=\"1StartbildMosaikVogel\" width=\"1787\" height=\"1823\" srcset=\"https:\/\/fincacaboquitos.com\/wp-content\/uploads\/2026\/02\/1StartbildMosaikVogel.jpg 1787w, https:\/\/fincacaboquitos.com\/wp-content\/uploads\/2026\/02\/1StartbildMosaikVogel-1280x1306.jpg 1280w, https:\/\/fincacaboquitos.com\/wp-content\/uploads\/2026\/02\/1StartbildMosaikVogel-980x1000.jpg 980w, https:\/\/fincacaboquitos.com\/wp-content\/uploads\/2026\/02\/1StartbildMosaikVogel-480x490.jpg 480w\" sizes=\"(min-width: 0px) and (max-width: 480px) 480px, (min-width: 481px) and (max-width: 980px) 980px, (min-width: 981px) and (max-width: 1280px) 1280px, (min-width: 1281px) 1787px, 100vw\" class=\"wp-image-395\" \/><span class=\"et_overlay\"><\/span><\/span><\/a><\/div>\n<\/div>\n\n<div class=\"et_pb_column_2 et_pb_column et-last-child et_flex_column et_pb_css_mix_blend_mode_passthrough et_flex_column_12_24 et_flex_column_12_24_tablet et_flex_column_24_24_phone preset--group--divi-column--divi-box-shadow--default preset--module--divi-column--default\">\n<div class=\"et_pb_image_1 et_pb_image et_pb_has_overlay et_pb_module et_block_module preset--group--divi-image--divi-box-shadow--hr81m0w--default preset--module--divi-image--default\"><a href=\"https:\/\/fincacaboquitos.com\/wp-content\/uploads\/2026\/02\/Naehkurs-scaled.jpg\" class=\"et_pb_lightbox_image\"><span class=\"et_pb_image_wrap\"><img decoding=\"async\" src=\"https:\/\/fincacaboquitos.com\/wp-content\/uploads\/2026\/02\/Naehkurs-scaled.jpg\" title=\"N\u00e4hkurs\" width=\"1920\" height=\"2560\" srcset=\"https:\/\/fincacaboquitos.com\/wp-content\/uploads\/2026\/02\/Naehkurs-scaled.jpg 1920w, https:\/\/fincacaboquitos.com\/wp-content\/uploads\/2026\/02\/Naehkurs-1280x1707.jpg 1280w, https:\/\/fincacaboquitos.com\/wp-content\/uploads\/2026\/02\/Naehkurs-980x1307.jpg 980w, https:\/\/fincacaboquitos.com\/wp-content\/uploads\/2026\/02\/Naehkurs-480x640.jpg 480w\" sizes=\"(min-width: 0px) and (max-width: 480px) 480px, (min-width: 481px) and (max-width: 980px) 980px, (min-width: 981px) and (max-width: 1280px) 1280px, (min-width: 1281px) 1920px, 100vw\" class=\"wp-image-326\" \/><span class=\"et_overlay\"><\/span><\/span><\/a><\/div>\n<\/div>\n<\/div>\n\n<div class=\"et_pb_row_2 et_pb_row et_flex_row preset--group--divi-row--divi-box-shadow--default preset--module--divi-row--default\">\n<div class=\"et_pb_column_3 et_pb_column et_flex_column et_pb_css_mix_blend_mode_passthrough et_flex_column_12_24 et_flex_column_12_24_tablet et_flex_column_24_24_phone preset--group--divi-column--divi-box-shadow--default preset--module--divi-column--default\">\n<div class=\"et_pb_image_2 et_pb_image et_pb_has_overlay et_pb_module et_block_module preset--group--divi-image--divi-box-shadow--hr81m0w--default preset--module--divi-image--default\"><a href=\"https:\/\/fincacaboquitos.com\/wp-content\/uploads\/2026\/02\/Hut-scaled.jpg\" class=\"et_pb_lightbox_image\"><span class=\"et_pb_image_wrap\"><img decoding=\"async\" src=\"https:\/\/fincacaboquitos.com\/wp-content\/uploads\/2026\/02\/Hut-scaled.jpg\" title=\"inteligente\" width=\"1920\" height=\"2560\" srcset=\"https:\/\/fincacaboquitos.com\/wp-content\/uploads\/2026\/02\/Hut-scaled.jpg 1920w, https:\/\/fincacaboquitos.com\/wp-content\/uploads\/2026\/02\/Hut-1280x1707.jpg 1280w, https:\/\/fincacaboquitos.com\/wp-content\/uploads\/2026\/02\/Hut-980x1307.jpg 980w, https:\/\/fincacaboquitos.com\/wp-content\/uploads\/2026\/02\/Hut-480x640.jpg 480w\" sizes=\"(min-width: 0px) and (max-width: 480px) 480px, (min-width: 481px) and (max-width: 980px) 980px, (min-width: 981px) and (max-width: 1280px) 1280px, (min-width: 1281px) 1920px, 100vw\" class=\"wp-image-325\" \/><span class=\"et_overlay\"><\/span><\/span><\/a><\/div>\n<\/div>\n\n<div class=\"et_pb_column_4 et_pb_column et-last-child et_flex_column et_pb_css_mix_blend_mode_passthrough et_flex_column_12_24 et_flex_column_12_24_tablet et_flex_column_24_24_phone preset--group--divi-column--divi-box-shadow--default preset--module--divi-column--default\">\n<div class=\"et_pb_image_3 et_pb_image et_pb_has_overlay et_pb_module et_block_module preset--group--divi-image--divi-box-shadow--hr81m0w--default preset--module--divi-image--default\"><a href=\"https:\/\/fincacaboquitos.com\/wp-content\/uploads\/2026\/02\/4ProjektCollage.jpg\" class=\"et_pb_lightbox_image\"><span class=\"et_pb_image_wrap\"><img decoding=\"async\" src=\"https:\/\/fincacaboquitos.com\/wp-content\/uploads\/2026\/02\/4ProjektCollage.jpg\" title=\"4ProjektCollage\" width=\"712\" height=\"785\" srcset=\"https:\/\/fincacaboquitos.com\/wp-content\/uploads\/2026\/02\/4ProjektCollage.jpg 712w, https:\/\/fincacaboquitos.com\/wp-content\/uploads\/2026\/02\/4ProjektCollage-480x529.jpg 480w\" sizes=\"(min-width: 0px) and (max-width: 480px) 480px, (min-width: 481px) 712px, 100vw\" class=\"wp-image-396\" \/><span class=\"et_overlay\"><\/span><\/span><\/a><\/div>\n<\/div>\n<\/div>\n<\/div>","protected":false},"excerpt":{"rendered":"","protected":false},"author":2,"featured_media":0,"parent":0,"menu_order":0,"comment_status":"closed","ping_status":"closed","template":"","meta":{"pgc_sgb_lightbox_settings":"","footnotes":""},"class_list":["post-294","page","type-page","status-publish","hentry"],"yoast_head":"<!-- This site is optimized with the Yoast SEO plugin v27.5 - https:\/\/yoast.com\/product\/yoast-seo-wordpress\/ -->\n<title>Kreativit\u00e4t - Naturerlebniss La Palma<\/title>\n<meta name=\"robots\" content=\"index, follow, max-snippet:-1, max-image-preview:large, max-video-preview:-1\" \/>\n<link rel=\"canonical\" href=\"https:\/\/fincacaboquitos.com\/es\/kreativitaet\/\" \/>\n<meta property=\"og:locale\" content=\"es_ES\" \/>\n<meta property=\"og:type\" content=\"article\" \/>\n<meta property=\"og:title\" content=\"Kreativit\u00e4t - Naturerlebniss La Palma\" \/>\n<meta property=\"og:url\" content=\"https:\/\/fincacaboquitos.com\/es\/kreativitaet\/\" \/>\n<meta property=\"og:site_name\" content=\"Naturerlebniss La Palma\" \/>\n<meta property=\"article:modified_time\" content=\"2026-03-09T21:22:59+00:00\" \/>\n<meta name=\"twitter:card\" content=\"summary_large_image\" \/>\n<script type=\"application\/ld+json\" class=\"yoast-schema-graph\">{\"@context\":\"https:\\\/\\\/schema.org\",\"@graph\":[{\"@type\":\"WebPage\",\"@id\":\"https:\\\/\\\/fincacaboquitos.com\\\/kreativitaet\\\/\",\"url\":\"https:\\\/\\\/fincacaboquitos.com\\\/kreativitaet\\\/\",\"name\":\"Kreativit\u00e4t - Naturerlebniss La Palma\",\"isPartOf\":{\"@id\":\"https:\\\/\\\/fincacaboquitos.com\\\/#website\"},\"datePublished\":\"2026-01-29T21:56:43+00:00\",\"dateModified\":\"2026-03-09T21:22:59+00:00\",\"breadcrumb\":{\"@id\":\"https:\\\/\\\/fincacaboquitos.com\\\/kreativitaet\\\/#breadcrumb\"},\"inLanguage\":\"es\",\"potentialAction\":[{\"@type\":\"ReadAction\",\"target\":[\"https:\\\/\\\/fincacaboquitos.com\\\/kreativitaet\\\/\"]}]},{\"@type\":\"BreadcrumbList\",\"@id\":\"https:\\\/\\\/fincacaboquitos.com\\\/kreativitaet\\\/#breadcrumb\",\"itemListElement\":[{\"@type\":\"ListItem\",\"position\":1,\"name\":\"Home\",\"item\":\"https:\\\/\\\/fincacaboquitos.com\\\/\"},{\"@type\":\"ListItem\",\"position\":2,\"name\":\"Kreativit\u00e4t\"}]},{\"@type\":\"WebSite\",\"@id\":\"https:\\\/\\\/fincacaboquitos.com\\\/#website\",\"url\":\"https:\\\/\\\/fincacaboquitos.com\\\/\",\"name\":\"Naturerlebniss La Palma\",\"description\":\"Gestalte deine pers\u00f6nliche Auszeit\",\"publisher\":{\"@id\":\"https:\\\/\\\/fincacaboquitos.com\\\/#\\\/schema\\\/person\\\/1cea9da85a6de9f3e3080fafb6fd13f0\"},\"potentialAction\":[{\"@type\":\"SearchAction\",\"target\":{\"@type\":\"EntryPoint\",\"urlTemplate\":\"https:\\\/\\\/fincacaboquitos.com\\\/?s={search_term_string}\"},\"query-input\":{\"@type\":\"PropertyValueSpecification\",\"valueRequired\":true,\"valueName\":\"search_term_string\"}}],\"inLanguage\":\"es\"},{\"@type\":[\"Person\",\"Organization\"],\"@id\":\"https:\\\/\\\/fincacaboquitos.com\\\/#\\\/schema\\\/person\\\/1cea9da85a6de9f3e3080fafb6fd13f0\",\"name\":\"Gike\",\"image\":{\"@type\":\"ImageObject\",\"inLanguage\":\"es\",\"@id\":\"https:\\\/\\\/fincacaboquitos.com\\\/wp-content\\\/litespeed\\\/avatar\\\/ea391fda8487a060b8d8c17670b79773.jpg?ver=1777233273\",\"url\":\"https:\\\/\\\/fincacaboquitos.com\\\/wp-content\\\/litespeed\\\/avatar\\\/ea391fda8487a060b8d8c17670b79773.jpg?ver=1777233273\",\"contentUrl\":\"https:\\\/\\\/fincacaboquitos.com\\\/wp-content\\\/litespeed\\\/avatar\\\/ea391fda8487a060b8d8c17670b79773.jpg?ver=1777233273\",\"caption\":\"Gike\"},\"logo\":{\"@id\":\"https:\\\/\\\/fincacaboquitos.com\\\/wp-content\\\/litespeed\\\/avatar\\\/ea391fda8487a060b8d8c17670b79773.jpg?ver=1777233273\"}}]}<\/script>\n<!-- \/ Yoast SEO plugin. -->","yoast_head_json":{"title":"Kreativit\u00e4t - Naturerlebniss La Palma","robots":{"index":"index","follow":"follow","max-snippet":"max-snippet:-1","max-image-preview":"max-image-preview:large","max-video-preview":"max-video-preview:-1"},"canonical":"https:\/\/fincacaboquitos.com\/es\/kreativitaet\/","og_locale":"es_ES","og_type":"article","og_title":"Kreativit\u00e4t - Naturerlebniss La Palma","og_url":"https:\/\/fincacaboquitos.com\/es\/kreativitaet\/","og_site_name":"Naturerlebniss La Palma","article_modified_time":"2026-03-09T21:22:59+00:00","twitter_card":"summary_large_image","schema":{"@context":"https:\/\/schema.org","@graph":[{"@type":"WebPage","@id":"https:\/\/fincacaboquitos.com\/kreativitaet\/","url":"https:\/\/fincacaboquitos.com\/kreativitaet\/","name":"Kreativit\u00e4t - Naturerlebniss La Palma","isPartOf":{"@id":"https:\/\/fincacaboquitos.com\/#website"},"datePublished":"2026-01-29T21:56:43+00:00","dateModified":"2026-03-09T21:22:59+00:00","breadcrumb":{"@id":"https:\/\/fincacaboquitos.com\/kreativitaet\/#breadcrumb"},"inLanguage":"es","potentialAction":[{"@type":"ReadAction","target":["https:\/\/fincacaboquitos.com\/kreativitaet\/"]}]},{"@type":"BreadcrumbList","@id":"https:\/\/fincacaboquitos.com\/kreativitaet\/#breadcrumb","itemListElement":[{"@type":"ListItem","position":1,"name":"Home","item":"https:\/\/fincacaboquitos.com\/"},{"@type":"ListItem","position":2,"name":"Kreativit\u00e4t"}]},{"@type":"WebSite","@id":"https:\/\/fincacaboquitos.com\/#website","url":"https:\/\/fincacaboquitos.com\/","name":"Naturerlebniss La Palma","description":"Gestalte deine pers\u00f6nliche Auszeit","publisher":{"@id":"https:\/\/fincacaboquitos.com\/#\/schema\/person\/1cea9da85a6de9f3e3080fafb6fd13f0"},"potentialAction":[{"@type":"SearchAction","target":{"@type":"EntryPoint","urlTemplate":"https:\/\/fincacaboquitos.com\/?s={search_term_string}"},"query-input":{"@type":"PropertyValueSpecification","valueRequired":true,"valueName":"search_term_string"}}],"inLanguage":"es"},{"@type":["Person","Organization"],"@id":"https:\/\/fincacaboquitos.com\/#\/schema\/person\/1cea9da85a6de9f3e3080fafb6fd13f0","name":"Gike","image":{"@type":"ImageObject","inLanguage":"es","@id":"https:\/\/fincacaboquitos.com\/wp-content\/litespeed\/avatar\/ea391fda8487a060b8d8c17670b79773.jpg?ver=1777233273","url":"https:\/\/fincacaboquitos.com\/wp-content\/litespeed\/avatar\/ea391fda8487a060b8d8c17670b79773.jpg?ver=1777233273","contentUrl":"https:\/\/fincacaboquitos.com\/wp-content\/litespeed\/avatar\/ea391fda8487a060b8d8c17670b79773.jpg?ver=1777233273","caption":"Gike"},"logo":{"@id":"https:\/\/fincacaboquitos.com\/wp-content\/litespeed\/avatar\/ea391fda8487a060b8d8c17670b79773.jpg?ver=1777233273"}}]}},"_links":{"self":[{"href":"https:\/\/fincacaboquitos.com\/es\/wp-json\/wp\/v2\/pages\/294","targetHints":{"allow":["GET"]}}],"collection":[{"href":"https:\/\/fincacaboquitos.com\/es\/wp-json\/wp\/v2\/pages"}],"about":[{"href":"https:\/\/fincacaboquitos.com\/es\/wp-json\/wp\/v2\/types\/page"}],"author":[{"embeddable":true,"href":"https:\/\/fincacaboquitos.com\/es\/wp-json\/wp\/v2\/users\/2"}],"replies":[{"embeddable":true,"href":"https:\/\/fincacaboquitos.com\/es\/wp-json\/wp\/v2\/comments?post=294"}],"version-history":[{"count":8,"href":"https:\/\/fincacaboquitos.com\/es\/wp-json\/wp\/v2\/pages\/294\/revisions"}],"predecessor-version":[{"id":754,"href":"https:\/\/fincacaboquitos.com\/es\/wp-json\/wp\/v2\/pages\/294\/revisions\/754"}],"wp:attachment":[{"href":"https:\/\/fincacaboquitos.com\/es\/wp-json\/wp\/v2\/media?parent=294"}],"curies":[{"name":"wp","href":"https:\/\/api.w.org\/{rel}","templated":true}]}}