{"id":291,"date":"2026-01-29T21:55:58","date_gmt":"2026-01-29T21:55:58","guid":{"rendered":"https:\/\/fincacaboquitos.com\/?page_id=291"},"modified":"2026-04-26T15:02:59","modified_gmt":"2026-04-26T15:02:59","slug":"massage","status":"publish","type":"page","link":"https:\/\/fincacaboquitos.com\/es\/massage\/","title":{"rendered":"Masaje"},"content":{"rendered":"<div class=\"et_pb_section_0 et_pb_section et_section_regular et_flex_section preset--group--divi-section--divi-box-shadow--default preset--module--divi-section--default\">\n<div class=\"et_pb_row_0 et_pb_row et_flex_row preset--group--divi-row--divi-box-shadow--default preset--module--divi-row--default\">\n<div class=\"et_pb_column_0 et_pb_column et-last-child et_flex_column et_pb_css_mix_blend_mode_passthrough et_flex_column_24_24 et_flex_column_24_24_tablet et_flex_column_24_24_phone preset--group--divi-column--divi-box-shadow--default preset--module--divi-column--default\">\n<div class=\"et_pb_text_0 et_pb_text et_pb_bg_layout_light et_pb_module et_block_module preset--group--divi-text--divi-box-shadow--default preset--module--divi-text--default\"><div class=\"et_pb_text_inner\"><h1>Masajes<\/h1>\n<\/div><\/div>\n<\/div>\n<\/div>\n<\/div>\n\n<div class=\"et_pb_section_1 et_pb_section et_section_regular et_flex_section preset--group--divi-section--divi-box-shadow--default preset--module--divi-section--default\">\n<div class=\"et_pb_row_1 et_pb_row et_flex_row preset--group--divi-row--divi-box-shadow--default preset--module--divi-row--default\">\n<div class=\"et_pb_column_1 et_pb_column et-last-child et_flex_column et_pb_css_mix_blend_mode_passthrough et_flex_column_24_24 et_flex_column_24_24_tablet et_flex_column_24_24_phone preset--group--divi-column--divi-box-shadow--default preset--module--divi-column--default\">\n<div class=\"et_pb_text_1 et_pb_text et_pb_bg_layout_light et_pb_module et_block_module preset--group--divi-text--divi-box-shadow--default preset--module--divi-text--default\"><div class=\"et_pb_text_inner\"><h2>LA FUERZA DEL CONTACTO ATENTO<\/h2>\n<\/div><\/div>\n<\/div>\n<\/div>\n\n<div class=\"et_pb_row_2 et_pb_row et_flex_row preset--group--divi-row--divi-box-shadow--default preset--module--divi-row--default\">\n<div class=\"et_pb_column_2 et_pb_column et_flex_column et_pb_css_mix_blend_mode_passthrough et_flex_column_12_24 et_flex_column_12_24_tablet et_flex_column_24_24_phone preset--group--divi-column--divi-box-shadow--default preset--module--divi-column--default\">\n<div class=\"et_pb_image_0 et_pb_image et_pb_has_overlay et_pb_module et_block_module preset--group--divi-image--divi-box-shadow--hr81m0w--default preset--module--divi-image--default\"><a href=\"https:\/\/fincacaboquitos.com\/wp-content\/uploads\/2026\/02\/Massage.jpeg\" class=\"et_pb_lightbox_image\"><span class=\"et_pb_image_wrap\"><img decoding=\"async\" src=\"https:\/\/fincacaboquitos.com\/wp-content\/uploads\/2026\/02\/Massage.jpeg\" title=\"Masaje\" width=\"515\" height=\"708\" srcset=\"https:\/\/fincacaboquitos.com\/wp-content\/uploads\/2026\/02\/Massage.jpeg 515w, https:\/\/fincacaboquitos.com\/wp-content\/uploads\/2026\/02\/Massage-480x660.jpeg 480w\" sizes=\"(min-width: 0px) and (max-width: 480px) 480px, (min-width: 481px) 515px, 100vw\" class=\"wp-image-573\" \/><span class=\"et_overlay\"><\/span><\/span><\/a><\/div>\n<\/div>\n\n<div class=\"et_pb_column_3 et_pb_column et-last-child et_flex_column et_pb_css_mix_blend_mode_passthrough et_flex_column_12_24 et_flex_column_12_24_tablet et_flex_column_24_24_phone preset--group--divi-column--divi-box-shadow--default preset--module--divi-column--default\">\n<div class=\"et_pb_text_2 et_pb_text et_pb_bg_layout_light et_pb_module et_block_module preset--group--divi-text--divi-box-shadow--default preset--module--divi-text--default\"><div class=\"et_pb_text_inner\" data-et-mv-hidden-phone=\"true\"><h2>Masaje Shiatsu<\/h2>\n<p>El Masaje Shiatsu es una combinaci\u00f3n de t\u00e9cnicas tradicionales orientales\nde acupresi\u00f3n y de t\u00e9cnicas occidentales modernas.\nNuestra energ\u00eda de vida fluye en canales espec\u00edficos a trav\u00e9s del cuerpo.\nCuando ese fluyo est\u00e1 bloqueado experimentamos un estado en el que no\nnos sentimos totalmente enfermos pero tampoco completamente sanos.\nA traves del Shiatsu estos canales energ\u00e9ticos bloqueados pueden fluir\nnuevamente:\nLas tensiones se disuelven y el bienstar y la vitalidad resurgen.\nEl Masaje Shiatsu lleva a cabo sobre una esterilla en el suelo o en una silla,\ncon ropa comoda.<br \/>ropa c\u00f3moda.<\/p>\n<\/div><\/div>\n\n<div class=\"et_pb_text_3 et_pb_text et_pb_bg_layout_light et_pb_module et_block_module preset--group--divi-text--divi-box-shadow--default preset--module--divi-text--default\"><div class=\"et_pb_text_inner\"><h3>Precios:<\/h3>\n<p>30 minutos en la silla de shiatsu 25 \u20ac<br \/>60 min en la colchoneta Shiatsu 45 \u20ac<\/p>\n<\/div><\/div>\n<\/div>\n<\/div>\n\n<div class=\"et_pb_row_3 et_pb_row et_flex_row preset--group--divi-row--divi-box-shadow--default preset--module--divi-row--default\">\n<div class=\"et_pb_column_4 et_pb_column et-last-child et_flex_column et_pb_css_mix_blend_mode_passthrough et_flex_column_24_24 et_flex_column_24_24_tablet et_flex_column_24_24_phone preset--group--divi-column--divi-box-shadow--default preset--module--divi-column--default\">\n<div class=\"et_pb_divider_0 et_pb_divider et_pb_space et_pb_divider_position_center et_pb_module preset--group--divi-divider--divi-box-shadow--default preset--module--divi-divider--default\"><div class=\"et_pb_divider_internal\"><\/div><\/div>\n<\/div>\n<\/div>\n\n<div class=\"et_pb_row_4 et_pb_row et_flex_row preset--group--divi-row--divi-box-shadow--default preset--module--divi-row--default\">\n<div class=\"et_pb_column_5 et_pb_column et_flex_column et_pb_css_mix_blend_mode_passthrough et_flex_column_12_24 et_flex_column_12_24_tablet et_flex_column_24_24_phone preset--group--divi-column--divi-box-shadow--default preset--module--divi-column--default\">\n<div class=\"et_pb_image_1 et_pb_image et_pb_has_overlay et_pb_module et_block_module preset--group--divi-image--divi-box-shadow--hr81m0w--default preset--module--divi-image--default\"><a href=\"https:\/\/fincacaboquitos.com\/wp-content\/uploads\/2026\/02\/EnergieMassage.jpg\" class=\"et_pb_lightbox_image\"><span class=\"et_pb_image_wrap\"><img decoding=\"async\" src=\"https:\/\/fincacaboquitos.com\/wp-content\/uploads\/2026\/02\/EnergieMassage.jpg\" title=\"EnergieMassage\" width=\"309\" height=\"373\" srcset=\"https:\/\/fincacaboquitos.com\/wp-content\/uploads\/2026\/02\/EnergieMassage.jpg 309w, https:\/\/fincacaboquitos.com\/wp-content\/uploads\/2026\/02\/EnergieMassage-249x300.jpg 249w\" sizes=\"(max-width: 309px) 100vw, 309px\" class=\"wp-image-417\" \/><span class=\"et_overlay\"><\/span><\/span><\/a><\/div>\n<\/div>\n\n<div class=\"et_pb_column_6 et_pb_column et-last-child et_flex_column et_pb_css_mix_blend_mode_passthrough et_flex_column_12_24 et_flex_column_12_24_tablet et_flex_column_24_24_phone preset--group--divi-column--divi-box-shadow--default preset--module--divi-column--default\">\n<div class=\"et_pb_text_4 et_pb_text et_pb_bg_layout_light et_pb_module et_block_module preset--group--divi-text--divi-box-shadow--default preset--module--divi-text--default\"><div class=\"et_pb_text_inner\" data-et-mv-hidden-phone=\"true\"><h2>Masaje energ\u00e9tico<\/h2>\n<p>El masaje energ\u00e9tico se desarroll\u00f3 a partir de elementos del shiatsu y del masaje cl\u00e1sico con aceite.<br \/>La clave para dejarse llevar por una relajaci\u00f3n profunda y curativa reside en el arte de dejar que las manos se deslicen suavemente sobre la piel y transmitir los movimientos con delicadeza desde el hara. La camilla es especialmente adecuada para aplicar el peso corporal de forma bien dosificada sobre la piel untada con aceite. Las caricias en direcci\u00f3n a los meridianos yin y yang, la estimulaci\u00f3n de puntos, as\u00ed como las secuencias de movimientos y movilizaciones beneficiosas dan como resultado un masaje placentero.<\/p>\n<\/div><\/div>\n\n<div class=\"et_pb_text_5 et_pb_text et_pb_bg_layout_light et_pb_module et_block_module preset--group--divi-text--divi-box-shadow--default preset--module--divi-text--default\"><div class=\"et_pb_text_inner\"><h3>Precios:<\/h3>\n<p>Masaje energ\u00e9tico  60 minutos 55 \u20ac<br \/>Masaje energ\u00e9tico    90 minutos 75 \u20ac<\/p>\n<\/div><\/div>\n<\/div>\n<\/div>\n<\/div>","protected":false},"excerpt":{"rendered":"","protected":false},"author":2,"featured_media":0,"parent":0,"menu_order":0,"comment_status":"closed","ping_status":"closed","template":"","meta":{"pgc_sgb_lightbox_settings":"","footnotes":""},"class_list":["post-291","page","type-page","status-publish","hentry"],"yoast_head":"<!-- This site is optimized with the Yoast SEO plugin v27.5 - https:\/\/yoast.com\/product\/yoast-seo-wordpress\/ -->\n<title>Massage - Naturerlebniss La Palma<\/title>\n<meta name=\"robots\" content=\"index, follow, max-snippet:-1, max-image-preview:large, max-video-preview:-1\" \/>\n<link rel=\"canonical\" href=\"https:\/\/fincacaboquitos.com\/es\/massage\/\" \/>\n<meta property=\"og:locale\" content=\"es_ES\" \/>\n<meta property=\"og:type\" content=\"article\" \/>\n<meta property=\"og:title\" content=\"Massage - Naturerlebniss La Palma\" \/>\n<meta property=\"og:url\" content=\"https:\/\/fincacaboquitos.com\/es\/massage\/\" \/>\n<meta property=\"og:site_name\" content=\"Naturerlebniss La Palma\" \/>\n<meta property=\"article:modified_time\" content=\"2026-04-26T15:02:59+00:00\" \/>\n<meta name=\"twitter:card\" content=\"summary_large_image\" \/>\n<script type=\"application\/ld+json\" class=\"yoast-schema-graph\">{\"@context\":\"https:\\\/\\\/schema.org\",\"@graph\":[{\"@type\":\"WebPage\",\"@id\":\"https:\\\/\\\/fincacaboquitos.com\\\/massage\\\/\",\"url\":\"https:\\\/\\\/fincacaboquitos.com\\\/massage\\\/\",\"name\":\"Massage - Naturerlebniss La Palma\",\"isPartOf\":{\"@id\":\"https:\\\/\\\/fincacaboquitos.com\\\/#website\"},\"datePublished\":\"2026-01-29T21:55:58+00:00\",\"dateModified\":\"2026-04-26T15:02:59+00:00\",\"breadcrumb\":{\"@id\":\"https:\\\/\\\/fincacaboquitos.com\\\/massage\\\/#breadcrumb\"},\"inLanguage\":\"es\",\"potentialAction\":[{\"@type\":\"ReadAction\",\"target\":[\"https:\\\/\\\/fincacaboquitos.com\\\/massage\\\/\"]}]},{\"@type\":\"BreadcrumbList\",\"@id\":\"https:\\\/\\\/fincacaboquitos.com\\\/massage\\\/#breadcrumb\",\"itemListElement\":[{\"@type\":\"ListItem\",\"position\":1,\"name\":\"Home\",\"item\":\"https:\\\/\\\/fincacaboquitos.com\\\/\"},{\"@type\":\"ListItem\",\"position\":2,\"name\":\"Massage\"}]},{\"@type\":\"WebSite\",\"@id\":\"https:\\\/\\\/fincacaboquitos.com\\\/#website\",\"url\":\"https:\\\/\\\/fincacaboquitos.com\\\/\",\"name\":\"Naturerlebniss La Palma\",\"description\":\"Gestalte deine pers\u00f6nliche Auszeit\",\"publisher\":{\"@id\":\"https:\\\/\\\/fincacaboquitos.com\\\/#\\\/schema\\\/person\\\/1cea9da85a6de9f3e3080fafb6fd13f0\"},\"potentialAction\":[{\"@type\":\"SearchAction\",\"target\":{\"@type\":\"EntryPoint\",\"urlTemplate\":\"https:\\\/\\\/fincacaboquitos.com\\\/?s={search_term_string}\"},\"query-input\":{\"@type\":\"PropertyValueSpecification\",\"valueRequired\":true,\"valueName\":\"search_term_string\"}}],\"inLanguage\":\"es\"},{\"@type\":[\"Person\",\"Organization\"],\"@id\":\"https:\\\/\\\/fincacaboquitos.com\\\/#\\\/schema\\\/person\\\/1cea9da85a6de9f3e3080fafb6fd13f0\",\"name\":\"Gike\",\"image\":{\"@type\":\"ImageObject\",\"inLanguage\":\"es\",\"@id\":\"https:\\\/\\\/fincacaboquitos.com\\\/wp-content\\\/litespeed\\\/avatar\\\/ea391fda8487a060b8d8c17670b79773.jpg?ver=1777233273\",\"url\":\"https:\\\/\\\/fincacaboquitos.com\\\/wp-content\\\/litespeed\\\/avatar\\\/ea391fda8487a060b8d8c17670b79773.jpg?ver=1777233273\",\"contentUrl\":\"https:\\\/\\\/fincacaboquitos.com\\\/wp-content\\\/litespeed\\\/avatar\\\/ea391fda8487a060b8d8c17670b79773.jpg?ver=1777233273\",\"caption\":\"Gike\"},\"logo\":{\"@id\":\"https:\\\/\\\/fincacaboquitos.com\\\/wp-content\\\/litespeed\\\/avatar\\\/ea391fda8487a060b8d8c17670b79773.jpg?ver=1777233273\"}}]}<\/script>\n<!-- \/ Yoast SEO plugin. -->","yoast_head_json":{"title":"Massage - Naturerlebniss La Palma","robots":{"index":"index","follow":"follow","max-snippet":"max-snippet:-1","max-image-preview":"max-image-preview:large","max-video-preview":"max-video-preview:-1"},"canonical":"https:\/\/fincacaboquitos.com\/es\/massage\/","og_locale":"es_ES","og_type":"article","og_title":"Massage - Naturerlebniss La Palma","og_url":"https:\/\/fincacaboquitos.com\/es\/massage\/","og_site_name":"Naturerlebniss La Palma","article_modified_time":"2026-04-26T15:02:59+00:00","twitter_card":"summary_large_image","schema":{"@context":"https:\/\/schema.org","@graph":[{"@type":"WebPage","@id":"https:\/\/fincacaboquitos.com\/massage\/","url":"https:\/\/fincacaboquitos.com\/massage\/","name":"Massage - Naturerlebniss La Palma","isPartOf":{"@id":"https:\/\/fincacaboquitos.com\/#website"},"datePublished":"2026-01-29T21:55:58+00:00","dateModified":"2026-04-26T15:02:59+00:00","breadcrumb":{"@id":"https:\/\/fincacaboquitos.com\/massage\/#breadcrumb"},"inLanguage":"es","potentialAction":[{"@type":"ReadAction","target":["https:\/\/fincacaboquitos.com\/massage\/"]}]},{"@type":"BreadcrumbList","@id":"https:\/\/fincacaboquitos.com\/massage\/#breadcrumb","itemListElement":[{"@type":"ListItem","position":1,"name":"Home","item":"https:\/\/fincacaboquitos.com\/"},{"@type":"ListItem","position":2,"name":"Massage"}]},{"@type":"WebSite","@id":"https:\/\/fincacaboquitos.com\/#website","url":"https:\/\/fincacaboquitos.com\/","name":"Naturerlebniss La Palma","description":"Gestalte deine pers\u00f6nliche Auszeit","publisher":{"@id":"https:\/\/fincacaboquitos.com\/#\/schema\/person\/1cea9da85a6de9f3e3080fafb6fd13f0"},"potentialAction":[{"@type":"SearchAction","target":{"@type":"EntryPoint","urlTemplate":"https:\/\/fincacaboquitos.com\/?s={search_term_string}"},"query-input":{"@type":"PropertyValueSpecification","valueRequired":true,"valueName":"search_term_string"}}],"inLanguage":"es"},{"@type":["Person","Organization"],"@id":"https:\/\/fincacaboquitos.com\/#\/schema\/person\/1cea9da85a6de9f3e3080fafb6fd13f0","name":"Gike","image":{"@type":"ImageObject","inLanguage":"es","@id":"https:\/\/fincacaboquitos.com\/wp-content\/litespeed\/avatar\/ea391fda8487a060b8d8c17670b79773.jpg?ver=1777233273","url":"https:\/\/fincacaboquitos.com\/wp-content\/litespeed\/avatar\/ea391fda8487a060b8d8c17670b79773.jpg?ver=1777233273","contentUrl":"https:\/\/fincacaboquitos.com\/wp-content\/litespeed\/avatar\/ea391fda8487a060b8d8c17670b79773.jpg?ver=1777233273","caption":"Gike"},"logo":{"@id":"https:\/\/fincacaboquitos.com\/wp-content\/litespeed\/avatar\/ea391fda8487a060b8d8c17670b79773.jpg?ver=1777233273"}}]}},"_links":{"self":[{"href":"https:\/\/fincacaboquitos.com\/es\/wp-json\/wp\/v2\/pages\/291","targetHints":{"allow":["GET"]}}],"collection":[{"href":"https:\/\/fincacaboquitos.com\/es\/wp-json\/wp\/v2\/pages"}],"about":[{"href":"https:\/\/fincacaboquitos.com\/es\/wp-json\/wp\/v2\/types\/page"}],"author":[{"embeddable":true,"href":"https:\/\/fincacaboquitos.com\/es\/wp-json\/wp\/v2\/users\/2"}],"replies":[{"embeddable":true,"href":"https:\/\/fincacaboquitos.com\/es\/wp-json\/wp\/v2\/comments?post=291"}],"version-history":[{"count":38,"href":"https:\/\/fincacaboquitos.com\/es\/wp-json\/wp\/v2\/pages\/291\/revisions"}],"predecessor-version":[{"id":770,"href":"https:\/\/fincacaboquitos.com\/es\/wp-json\/wp\/v2\/pages\/291\/revisions\/770"}],"wp:attachment":[{"href":"https:\/\/fincacaboquitos.com\/es\/wp-json\/wp\/v2\/media?parent=291"}],"curies":[{"name":"wp","href":"https:\/\/api.w.org\/{rel}","templated":true}]}}